{"id":3,"date":"2021-12-13T09:08:46","date_gmt":"2021-12-13T09:08:46","guid":{"rendered":"http:\/\/www.capellaleopoldina.at\/?page_id=3"},"modified":"2021-12-13T14:43:56","modified_gmt":"2021-12-13T14:43:56","slug":"datenschutz","status":"publish","type":"page","link":"https:\/\/www.capellaleopoldina.at\/index.php\/datenschutz\/","title":{"rendered":"Datenschutzerkl\u00e4rung"},"content":{"rendered":"<div class=\"entry-content\">\n<div class=\"site-content\">\n<div class=\"bnt-container\">\n<div class=\"content content-page\">\n<article id=\"post-759\" class=\"post-759 page type-page status-publish has-post-thumbnail hentry has-thumb\">\n<div class=\"entry-content clear\">\n<p>Der Schutz und die gesetzeskonforme Erhebung, Verarbeitung und Nutzung Ihrer personenbezogenen Daten ist mir ein wichtiges Anliegen. Ihre Daten werden daher ausschlie\u00dflich auf Grundlage der gesetzlichen Bestimmungen (DSGVO, TKG 2003) verarbeitet. In dieser Datenschutzerkl\u00e4rung informiere ich Sie \u00fcber die wichtigsten Aspekte der Datenverarbeitung im Rahmen dieser Website. Ihre bei Nutzung meines Internetauftritts verarbeiteten Daten werden gel\u00f6scht oder gesperrt, sobald der Zweck der Speicherung entf\u00e4llt, der L\u00f6schung der Daten keine gesetzlichen Aufbewahrungspflichten entgegenstehen und nachfolgend keine anderslautenden Angaben zu einzelnen Verarbeitungsverfahren gemacht werden.<\/p>\n<p>Datenschutzrechtlich Verantwortlicher f\u00fcr diese Website:<\/p>\n<p>J\u00f6rg Zwicker<br \/>+43 \/ 699 \/ 1904 2345 <br \/><a href=\"mailto:office@capellaleopoldina.at\">office@capellaleopoldina.at<\/a><\/p>\n<p><strong>Folgende Daten werden im Rahmen der Website verarbeitet:<\/strong><\/p>\n<p><em>Serverdaten<\/em>:<br \/>Aus technischen Gr\u00fcnden, insbesondere zur Gew\u00e4hrleistung eines sicheren und stabilen Internetauftritts, werden Daten durch Ihren Internet-Browser an uns bzw. an unseren Webspace-Provider \u00fcbermittelt. Mit diesen sog. Server-Logfiles werden u.a. Typ und Version Ihres Internetbrowsers, das Betriebssystem, die Website, von der aus Sie auf meinen Internetauftritt gewechselt haben (Referrer URL), die Website(s) meines Internetauftritts, die Sie besuchen, Datum und Uhrzeit des jeweiligen Zugriffs sowie die IP-Adresse des Internetanschlusses, von dem aus die Nutzung meines Internetauftritts erfolgt, erhoben.<\/p>\n<p>Diese so erhobenen Daten werden vor\u00fcbergehend gespeichert, dies jedoch nicht gemeinsam mit anderen Daten von Ihnen. Die Speicherung erfolgt auf der Rechtsgrundlage von Art. 6 Abs. 1 lit. f) DSGVO.<br \/>Die Daten werden sp\u00e4testens nach 2 Wochen wieder gel\u00f6scht, soweit keine weitere Aufbewahrung zu Beweiszwecken erforderlich ist. Andernfalls sind die Daten bis zur endg\u00fcltigen Kl\u00e4rung eines Vorfalls ganz oder teilweise von der L\u00f6schung ausgenommen.<\/p>\n<p><em>Cookies<\/em><br \/>Auf dieser Website werden Cookies f\u00fcr die optimale Funktion der Website verwendet.<\/p>\n<p><em>Google Analytics<\/em><br \/>Auf dieser Website wird Google Analytics eingesetzt. Hierbei handelt es sich um einen Webanalysedienst der Google LLC, 1600 Amphitheatre Parkway, Mountain View, CA 94043 USA, nachfolgend nur \u201eGoogle\u201c genannt.<\/p>\n<p>Durch die Zertifizierung nach dem EU-US-Datenschutzschild (\u201eEU-US Privacy Shield\u201c)<br \/><a href=\"https:\/\/www.privacyshield.gov\/participant?id=a2zt000000001L5AAI&amp;status=Active\" target=\"_blank\" rel=\"noopener noreferrer\">https:\/\/www.privacyshield.gov\/participant?id=a2zt000000001L5AAI&amp;status=Active<\/a><br \/>garantiert Google, dass die Datenschutzvorgaben der EU auch bei der Verarbeitung von Daten in den USA eingehalten werden.<\/p>\n<p>Der Dienst Google Analytics dient zur Analyse des Nutzungsverhaltens dieses Internetauftritts, insbesondere der Analyse, Optimierung und dem wirtschaftlichen Betrieb des Internetauftritts (Rechtsgrundlage Art. 6 Abs. 1 lit. f) DSGVO).Nutzungs- und Nutzer*innen-bezogene Informationen, wie bspw. IP-Adresse, Ort, Zeit oder H\u00e4ufigkeit des Besuchs der Website, werden dabei an einen Server von Google in den USA \u00fcbertragen und dort gespeichert. Allerdings wird Google Analytics mit der sog. Anonymisierungsfunktion genutzt. Durch diese Funktion k\u00fcrzt Google die IP-Adresse schon innerhalb der EU bzw. des EWR.<\/p>\n<p>Die so erhobenen Daten werden wiederum von Google genutzt, um uns eine Auswertung \u00fcber den Besuch des Internetauftritts sowie \u00fcber die dortigen Nutzungsaktivit\u00e4ten zur Verf\u00fcgung zu stellen. Auch k\u00f6nnen diese Daten genutzt werden, um weitere Dienstleistungen zu erbringen, die mit der Nutzung des Internetauftritts und der Nutzung des Internets zusammenh\u00e4ngen.<\/p>\n<p>Google gibt an, Ihre IP-Adresse nicht mit anderen Daten zu verbinden. Zudem h\u00e4lt Google unter <a href=\"https:\/\/www.google.com\/intl\/de\/policies\/privacy\/partners\" target=\"_blank\" rel=\"noopener noreferrer\">https:\/\/www.google.com\/intl\/de\/policies\/privacy\/partners<\/a> weitere datenschutzrechtliche Informationen f\u00fcr Sie bereit, so bspw. auch zu den M\u00f6glichkeiten, die Datennutzung zu unterbinden. Zudem bietet Google unter <a href=\"https:\/\/tools.google.com\/dlpage\/gaoptout?hl=de\" target=\"_blank\" rel=\"noopener noreferrer\">https:\/\/tools.google.com\/dlpage\/gaoptout?hl=de<\/a> ein sog. Deaktivierungs-Add-on nebst weiteren Informationen hierzu an. Dieses Add-on l\u00e4sst sich mit den g\u00e4ngigen Internet-Browsern installieren und bietet Ihnen weitergehende Kontrollm\u00f6glichkeit \u00fcber die Daten, die Google bei Aufruf des Internetauftritts erfasst. Dabei te<\/p>\n<p><em>\u00dcbermittlung von Daten an Dritte<\/em><br \/>Die im Zuge der Website-Nutzung gesammelten personenbezogenen Daten werden nicht an Dritte weitergegeben. Allerdings werden Ihre personenbezogenen Daten durch Auftragsverarbeiter*innen verarbeitet, insbesondere IT-Dienstleister*innen, Anbieter*innen von Softwarel\u00f6sungen und \u00e4hnliche Anbieter*innen.<\/p>\n<p><em>Datensicherheit<\/em><br \/>Der Schutz Ihrer personenbezogenen Daten erfolgt durch entsprechende organisatorische und technische Vorkehrungen. Diese Vorkehrungen betreffen insbesondere den Schutz vor unerlaubtem, rechtswidrigem oder auch zuf\u00e4lligem Zugriff, Verarbeitung, Verlust, Verwendung und Manipulation.<\/p>\n<p><em>Ihre Rechte<\/em><br \/>Sie haben das Recht auf Auskunft \u00fcber die verarbeiteten personenbezogenen Daten. Des Weiteren haben Sie das Recht auf Berichtigung, Widerspruch, Einschr\u00e4nkung der Verarbeitung und Daten\u00fcbertragbarkeit und k\u00f6nnen jederzeit die Einwilligung widerrufen. Sie haben au\u00dferdem die M\u00f6glichkeit, sich mit einer Beschwerde an eine Datenschutzaufsichtsbeh\u00f6rde zu wenden. Die zust\u00e4ndige Datenschutzaufsichtsbeh\u00f6rde ist die \u00d6sterreichische Datenschutzbeh\u00f6rde.<\/p>\n<p>Die Anschrift der f\u00fcr uns zust\u00e4ndigen Aufsichtsbeh\u00f6rde lautet:<br \/>\u00d6sterreichische Datenschutzbeh\u00f6rde<br \/>Wickenburggasse 8, 1080 Wien<br \/>E-Mail:\u00a0<a href=\"mailto:dsb@dsb.gv.at\">dsb@dsb.gv.at<\/a><\/p>\n<\/div>\n<\/article>\n<\/div>\n<\/div>\n<\/div>\n<\/div>\n","protected":false},"excerpt":{"rendered":"<p>Der Schutz und die gesetzeskonforme Erhebung, Verarbeitung und Nutzung Ihrer personenbezogenen Daten ist mir ein [&hellip;]<\/p>\n","protected":false},"author":1,"featured_media":0,"parent":0,"menu_order":100,"comment_status":"closed","ping_status":"open","template":"","meta":{"footnotes":""},"class_list":["post-3","page","type-page","status-publish","hentry","post"],"_links":{"self":[{"href":"https:\/\/www.capellaleopoldina.at\/index.php\/wp-json\/wp\/v2\/pages\/3","targetHints":{"allow":["GET"]}}],"collection":[{"href":"https:\/\/www.capellaleopoldina.at\/index.php\/wp-json\/wp\/v2\/pages"}],"about":[{"href":"https:\/\/www.capellaleopoldina.at\/index.php\/wp-json\/wp\/v2\/types\/page"}],"author":[{"embeddable":true,"href":"https:\/\/www.capellaleopoldina.at\/index.php\/wp-json\/wp\/v2\/users\/1"}],"replies":[{"embeddable":true,"href":"https:\/\/www.capellaleopoldina.at\/index.php\/wp-json\/wp\/v2\/comments?post=3"}],"version-history":[{"count":1,"href":"https:\/\/www.capellaleopoldina.at\/index.php\/wp-json\/wp\/v2\/pages\/3\/revisions"}],"predecessor-version":[{"id":164,"href":"https:\/\/www.capellaleopoldina.at\/index.php\/wp-json\/wp\/v2\/pages\/3\/revisions\/164"}],"wp:attachment":[{"href":"https:\/\/www.capellaleopoldina.at\/index.php\/wp-json\/wp\/v2\/media?parent=3"}],"curies":[{"name":"wp","href":"https:\/\/api.w.org\/{rel}","templated":true}]}}