{"id":278,"date":"2021-12-15T08:17:23","date_gmt":"2021-12-15T08:17:23","guid":{"rendered":"http:\/\/www.capellaleopoldina.at\/?page_id=278"},"modified":"2022-11-20T16:01:52","modified_gmt":"2022-11-20T16:01:52","slug":"joerg-zwicker-espanol","status":"publish","type":"page","link":"https:\/\/www.capellaleopoldina.at\/index.php\/es\/joerg-zwicker-espanol\/","title":{"rendered":"J\u00f6rg Zwicker"},"content":{"rendered":"<div id=\"pl-278\"  class=\"panel-layout\" ><div id=\"pg-278-0\"  class=\"panel-grid panel-has-style\" ><div class=\"siteorigin-panels-stretch panel-row-style panel-row-style-for-278-0\" data-stretch-type=\"full\" ><div id=\"pgc-278-0-0\"  class=\"panel-grid-cell\" ><div id=\"panel-278-0-0-0\" class=\"so-panel widget widget_sow-editor panel-first-child panel-last-child\" data-index=\"0\" ><div class=\"panel-widget-style panel-widget-style-for-278-0-0-0\" ><div\n\t\t\t\n\t\t\tclass=\"so-widget-sow-editor so-widget-sow-editor-base\"\n\t\t\t\n\t\t><h3 class=\"widget-title\">J\u00f6rg Zwicker<\/h3>\n<div class=\"siteorigin-widget-tinymce textwidget\">\n\t<p><strong><span class=\"teaser\">J\u00f6rg Zwicker <\/span><\/strong>naci\u00f3 en 1969 en Judenburg en Estiria (Austria). Estudi\u00f3 violoncelo de concierto en la Universidad de M\u00fasica y de Arte Pl\u00e1stico con Hildgund Posch, y viola de gamba con Jos\u00e9 Vazquez en el Conservatorio Superior de Viena. En 1990 termin\u00f3 sus estudios de violoncelo con el diploma de concertista. Enseguida se gradu\u00f3 en M\u00fasica y Arte (\"magister artium\") en 1995.<\/p>\n<p>J\u00f6rg Zwicker se ha dedicado intensamente a la M\u00fasica Antigua desde 1985. Sus estudios de especializaci\u00f3n lo condujeron a Jaap ter Linden en el \"Conservatoire Koninklijk\" de Den Haag, Holanda, y posteriormente a Christophe Coin en la \"Schola Cantorum Basiliensis\" en Suiza.<\/p>\n<p>En 1985 J\u00f6rg Zwicker fund\u00f3 la orquesta especial para la M\u00fasica Antigua \"Musica Antiqua Graz\", de la cual naci\u00f3 en el 1992 la orquesta \"Capella Leopoldina\". Entre 1988 et 1992 fue miembro de \"Capella Savaria\". Adem\u00e1s es miembro fundador de las siguientes orquestas: \"Musica Po\u00e9tica\", \"Il Parnaso Musicale\" as\u00ed como \"Capella Musicae\". J\u00f6rg Zwicker ha trabajado con directores de orquesta famosos como Nicolaus Harnoncourt, Nicholas McGegan, Fabio Luisi, Eric Ericson, Barthold et Sigiswald Kuijken, Konrad Jungh\u00e4nel, Johannes Prinz, Erwin Ortner y otros.<\/p>\n<p>A la fecha J\u00f6rg Zwicker ha presentado conciertos con varios grupos y orquestas como violoncelista y director de orquesta en toda Europa, en Ukraine, en India, en Canad\u00e1 y en los Estados Unidos. Su trabajo se ve ilustrado en aproximadamento 40 discos compactos asimismo en producciones de radio y televisi\u00f3n.<\/p>\n<p>Desde oto\u00f1o de 1995 J\u00f6rg Zwicker dirige una clase de M\u00fasica Antigua para violoncelo barroco en el Conservatorio Superior de Viena. Es tambi\u00e9n profesor universitario en el Conservatorio Superior de Graz para el Violoncelo, M\u00fasica de C\u00e1mara y Direcci\u00f3n de orquesta.<\/p>\n<\/div>\n<\/div><\/div><\/div><\/div><\/div><\/div><div id=\"pg-278-1\"  class=\"panel-grid panel-has-style\" ><div class=\"siteorigin-panels-stretch panel-row-style panel-row-style-for-278-1\" data-stretch-type=\"full\" ><div id=\"pgc-278-1-0\"  class=\"panel-grid-cell\" ><div id=\"panel-278-1-0-0\" class=\"so-panel widget widget_sow-editor panel-first-child panel-last-child\" data-index=\"1\" ><div\n\t\t\t\n\t\t\tclass=\"so-widget-sow-editor so-widget-sow-editor-base\"\n\t\t\t\n\t\t><h3 class=\"widget-title\">Discografia J\u00f6rg Zwicker<\/h3>\n<div class=\"siteorigin-widget-tinymce textwidget\">\n\t<p><strong>H. Sch\u00fctz: Kleine geistliche Konzerte<\/strong><br \/>\nSolisten d. T\u00f6lzer Knabenchor; G. Schmidt-Gaden - Capriccio, 1989; 10418; LC 8748<\/p>\n<p><strong>Barockmusik aus Norditalien<\/strong><br \/>\nIl Parnaso Musicale - Tuning, 1989; TUN 789014-2, LC 6981<\/p>\n<p><strong>G. Ph. Telemann: Brockes-Passion<\/strong><br \/>\nCapella Savaria; N. McGegan - Hungaroton 1990; HCD 31130-32<\/p>\n<p><strong>G. F. H\u00e4ndel: Floridante<\/strong><br \/>\nCapella Savaria; N.McGegan - Hungaroton 1990, HCD 31304-06<\/p>\n<p><strong>G. F. H\u00e4ndel: Terpsichore<\/strong><br \/>\nCapella Savaria; N.McGegan - Hungaroton 1990<\/p>\n<p><strong>J. S. Bach: Hochzeitskantaten<\/strong><br \/>\nCapella Savaria; P. Nemeth - Quintana\/marmonia mundi france, 1990, QUI 903010<\/p>\n<p><strong>W. A. Mozart: Exultate jubilate<\/strong><br \/>\nCapella Savaria; P. Nemeth - Quintana\/marmonia mundi france, 1990, QUI 903015<\/p>\n<p><strong>G. B. Pergolesi: Stabat mater<\/strong><br \/>\nMari\u00e1 Zadori, Derek Lee Ragin, Capella Savaria; P. Nemeth - Quintana\/marmonia mundi france, 1990, QUI 903011<\/p>\n<p><strong>G. Ph. Telemann: Alt-Kantaten<\/strong><br \/>\nAnnette Markert, Il Parnaso Musicale - Christophorus, 1990, CHR 77119<\/p>\n<p><strong>C. Monteverdi: Madrigali<\/strong><br \/>\nM\u00e1ria Z\u00e1dori, Guy de Mey, u.a. Capella Savaria; N. McGegan - Quintana\/marmonia mundi france, 1991, QUI 903014<\/p>\n<p><strong>J. J. Fux: Il trionfo della fede<\/strong><br \/>\nCapella Savaria; F. Luisi - ORF\/Adeva, 1991, Adevaphon 3-4<\/p>\n<p><strong>G. F. H\u00e4ndel: Agrippina<\/strong><br \/>\nCapella Savaria; N. McGegan - harmonia mundi, 1991, HMU 90706365<\/p>\n<p><strong>W. A. Mozart: Klavierkonzerte<\/strong><br \/>\nMusica Antiqua Graz; J. Zwicker - Tuning, 1991, TUN9101-2<\/p>\n<p><strong>C. H. Graun: Der Tod Jesu<\/strong><br \/>\nCapella Savaria; P. Nemeth - Quintana\/marmonia mundi france, 1991, QUI 903061<\/p>\n<p><strong>A. Vivaldi: Oboenkonzerte<\/strong><br \/>\nCapella Savaria; M. Wolf - Quintana\/marmonia mundi france, 1992, QUI 903018<\/p>\n<p><strong>B. Marcello: Psalmen XIV, XVII<\/strong><br \/>\nG. de Mey, K. Mertens, R. Balconi - Quintana\/marmonia mundi france, 1992, HMA 1903048<\/p>\n<p><strong>J. G. Werner: Deborah<\/strong><br \/>\nCapella Savaria; P. Nemeth - Quintana\/marmonia mundi france, 1992, QUI 9030??<\/p>\n<\/div>\n<\/div><\/div><\/div><div id=\"pgc-278-1-1\"  class=\"panel-grid-cell\" ><div id=\"panel-278-1-1-0\" class=\"so-panel widget widget_sow-editor panel-first-child panel-last-child\" data-index=\"2\" ><div\n\t\t\t\n\t\t\tclass=\"so-widget-sow-editor so-widget-sow-editor-base\"\n\t\t\t\n\t\t><h3 class=\"widget-title\">Discografia J\u00f6rg Zwicker<\/h3>\n<div class=\"siteorigin-widget-tinymce textwidget\">\n\t<p><strong>G. Ph. Telemann: Triosonaten<\/strong><br \/>\nIl Parnaso Musicale - Christophorus, 1993, CHR 77138<\/p>\n<p><strong>A. Stradella: Lo Schiavo liberato<\/strong><br \/>\nStradella Consort; E. Velardi - Bongiovanni, 1993, GB 2164-2<\/p>\n<p><strong>Rossetti, Stich: Hornkonzerte<\/strong><br \/>\nSol sol la sol; H. Arman - 1994<\/p>\n<p><strong>Biber: Missa Alleluja; Schmelzer: Vesperae solennes<\/strong><br \/>\nGradus ad Parnassum; K. Jungh\u00e4nel - deutsche harmonia mundi\/ORF, 1994, 05472 773262<\/p>\n<p><strong>Stradella: Kantaten<\/strong><br \/>\nOrchestra dell\u00b4Arcademia; S. Balestracci - Stradivarius, 1994<\/p>\n<p><strong>Ovids Reise<\/strong><br \/>\nMusica Poetica - Innsbrucker Festwochen der Alten Musik 1998, CD 980322<\/p>\n<p><strong>J. S. Bach: 6 Suites a Violoncello solo<\/strong><br \/>\nJ\u00f6rg Zwicker - MMP, 2000 - Eigenverlag, MMP 21031685<\/p>\n<p><strong>Lux \u00c6terna<\/strong><br \/>\nArmonico tributo Austria, L. Duftschmid - cpo, 2002<\/p>\n<p><strong>A. D. 1683<\/strong><br \/>\nArmonico tributo Austria, L. Duftschmid - cpo, 2002<\/p>\n<p><strong>Vedo il ciel \u2013 Arias and Overtures by Handel<\/strong><br \/>\nCapella Leopoldina; Lydia Vierlinger - Alto - universal\/Amadeo 2004, CD 476 300 0<br \/>\nnominiert f\u00fcr den \"Klassik Amadeus Award\"<\/p>\n<p><strong>Winter wonderland<\/strong><br \/>\nThe 4reasons<br \/>\nD\u00b4Ohr records, 2004, DRCD-0406<\/p>\n<p><strong>Pastorelle en musique \u2013 G.Ph. Telemann<\/strong><br \/>\nCapella Leopoldina, Doerthe Maria Sandmann, Barbara Fink, Lydia Vierlinger, Bernhard Berchtold, Mathias Hausmann; Dir. Kirill Karabits Weltersteinspielung Capriccio 2005 \u2013 71 054\/55<\/p>\n<p><strong>Almirante<\/strong><br \/>\nBarocke Duette f\u00fcr Sopran und Alt von H. Purcell, G. F. H\u00e4ndel, J. S. Bach, J. J.Fux Idee und Konzept: J\u00f6rg Zwicker, erg\u00e4nzendes Libretto Thomas H\u00f6ft, ital. \u00dcbersetzung: Carmen Grasso, erg\u00e4nzende Rezitative: Ugo Nastrucci Capella Leopoldina; Deborah York \u2013 Sopran, Lydia Vierlinger \u2013 Alt; Dir. J\u00f6rg Zwicker NAXOS\/Phoenix 2008, 121<\/p>\n<p><strong>FUSION \u2013 Baroque meets Jazz<\/strong><br \/>\nCapella Leopoldina, AMEN Universal 2008<\/p>\n<p><strong>\"Ein Karneval in Wien\"<\/strong><br \/>\nAccentus Austria, 2016<\/p>\n<p><strong>Georg Philipp Telemann<\/strong><br \/>\nKammermusik - 2017<\/p>\n<\/div>\n<\/div><\/div><\/div><\/div><\/div><\/div>","protected":false},"excerpt":{"rendered":"<p>J\u00f6rg Zwicker naci\u00f3 en 1969 en Judenburg en Estiria (Austria). Estudi\u00f3 violoncelo de concierto en [&hellip;]<\/p>\n","protected":false},"author":2,"featured_media":0,"parent":0,"menu_order":210,"comment_status":"closed","ping_status":"closed","template":"","meta":{"footnotes":""},"class_list":["post-278","page","type-page","status-publish","hentry","post"],"_links":{"self":[{"href":"https:\/\/www.capellaleopoldina.at\/index.php\/wp-json\/wp\/v2\/pages\/278","targetHints":{"allow":["GET"]}}],"collection":[{"href":"https:\/\/www.capellaleopoldina.at\/index.php\/wp-json\/wp\/v2\/pages"}],"about":[{"href":"https:\/\/www.capellaleopoldina.at\/index.php\/wp-json\/wp\/v2\/types\/page"}],"author":[{"embeddable":true,"href":"https:\/\/www.capellaleopoldina.at\/index.php\/wp-json\/wp\/v2\/users\/2"}],"replies":[{"embeddable":true,"href":"https:\/\/www.capellaleopoldina.at\/index.php\/wp-json\/wp\/v2\/comments?post=278"}],"version-history":[{"count":9,"href":"https:\/\/www.capellaleopoldina.at\/index.php\/wp-json\/wp\/v2\/pages\/278\/revisions"}],"predecessor-version":[{"id":455,"href":"https:\/\/www.capellaleopoldina.at\/index.php\/wp-json\/wp\/v2\/pages\/278\/revisions\/455"}],"wp:attachment":[{"href":"https:\/\/www.capellaleopoldina.at\/index.php\/wp-json\/wp\/v2\/media?parent=278"}],"curies":[{"name":"wp","href":"https:\/\/api.w.org\/{rel}","templated":true}]}}