{"id":209,"date":"2021-12-13T15:21:02","date_gmt":"2021-12-13T15:21:02","guid":{"rendered":"http:\/\/www.capellaleopoldina.at\/?page_id=209"},"modified":"2022-11-19T14:45:08","modified_gmt":"2022-11-19T14:45:08","slug":"capella-leopoldina","status":"publish","type":"page","link":"https:\/\/www.capellaleopoldina.at\/index.php\/en\/capella-leopoldina\/","title":{"rendered":"Capella Leopoldina"},"content":{"rendered":"<div id=\"pl-209\"  class=\"panel-layout\" ><div id=\"pg-209-0\"  class=\"panel-grid panel-has-style\" ><div class=\"siteorigin-panels-stretch panel-row-style panel-row-style-for-209-0\" data-stretch-type=\"full\" ><div id=\"pgc-209-0-0\"  class=\"panel-grid-cell\" ><div id=\"panel-209-0-0-0\" class=\"so-panel widget widget_sow-editor panel-first-child panel-last-child\" data-index=\"0\" ><div class=\"panel-widget-style panel-widget-style-for-209-0-0-0\" ><div\n\t\t\t\n\t\t\tclass=\"so-widget-sow-editor so-widget-sow-editor-base\"\n\t\t\t\n\t\t><h3 class=\"widget-title\">Capella Leopoldina<\/h3>\n<div class=\"siteorigin-widget-tinymce textwidget\">\n\t<p><strong><span class=\"teaser\">Capella Leopoldina<\/span><\/strong> was founded in 1992 by <span class=\"teaser\"><strong>J\u00f6rg Zwicker<\/strong>.<\/span><\/p>\n<p>Following the musical tradition at the Viennese court during the reign of Leopold I. the ensemble includes a variety of musicians from Austria and the most important European music metropolises.<\/p>\n<p>The work focuses on oratorio and orchestra literature of the 17th and 18th century. Furthermore, programs with chamber music instrumentation are part of their repertoire. <strong><span class=\"teaser\">Capella Leopoldina <\/span><\/strong>also plays in simple continuo instrumentation combined with one or several singers.<\/p>\n<p>In January of 2000 <strong><span class=\"teaser\">Capella Leopoldina<\/span><\/strong> took over the instrumental part of the project BACH XXI. In co-operation with the Grazer Dommusik all cantatas by J. S. Bach will be brought to the stage. The timeline for this project is 18 years and it thus represents one of the major projects of Austrian music history.<\/p>\n<p>So far, <strong><span class=\"teaser\">Capella Leopoldina<\/span><\/strong> has performed at major festivals and concert stages across Europe. CDs have been published for a variety of labels, among them the world premier recording of the recently re-discovered first opera by Georg Philipp Telemann \"Pastorelle en musique\" (Capriccio).<\/p>\n<p>In 2005 the CD \"<strong><span class=\"teaser\">Vedo il ciel<\/span><\/strong>\" (Universal\/Amadeo), which includes arias and symphonies from the oratorios of George Frideric Handel, was nominated for the \"Klassik Amadeus Award\" as best recording in the vocal category.<\/p>\n<p>The ensemble plays exclusively on period instruments while using historic playing techniques based on current knowledge and research.<\/p>\n<\/div>\n<\/div><\/div><\/div><\/div><div id=\"pgc-209-0-1\"  class=\"panel-grid-cell\" ><div id=\"panel-209-0-1-0\" class=\"so-panel widget widget_sow-image panel-first-child panel-last-child\" data-index=\"1\" ><div\n\t\t\t\n\t\t\tclass=\"so-widget-sow-image so-widget-sow-image-default-8b5b6f678277-209\"\n\t\t\t\n\t\t>\n\n<div class=\"sow-image-container\">\n\t\t<img loading=\"lazy\" decoding=\"async\" src=\"https:\/\/www.capellaleopoldina.at\/wp-content\/uploads\/2021\/12\/presse02_gr.jpg\" width=\"1772\" height=\"1179\" srcset=\"https:\/\/www.capellaleopoldina.at\/wp-content\/uploads\/2021\/12\/presse02_gr.jpg 1772w, https:\/\/www.capellaleopoldina.at\/wp-content\/uploads\/2021\/12\/presse02_gr-300x200.jpg 300w, https:\/\/www.capellaleopoldina.at\/wp-content\/uploads\/2021\/12\/presse02_gr-1024x681.jpg 1024w, https:\/\/www.capellaleopoldina.at\/wp-content\/uploads\/2021\/12\/presse02_gr-768x511.jpg 768w, https:\/\/www.capellaleopoldina.at\/wp-content\/uploads\/2021\/12\/presse02_gr-1536x1022.jpg 1536w, https:\/\/www.capellaleopoldina.at\/wp-content\/uploads\/2021\/12\/presse02_gr-720x480.jpg 720w, https:\/\/www.capellaleopoldina.at\/wp-content\/uploads\/2021\/12\/presse02_gr-272x182.jpg 272w\" sizes=\"auto, (max-width: 1772px) 100vw, 1772px\" title=\"&lt;center&gt;Capella Leopoldina &lt;br&gt;\u00a9 Stefan Schweiger &lt;br&gt;Download: rgb\/jpg 2 MB&lt;\/center&gt; \" alt=\"\" \t\tclass=\"so-widget-image\"\/>\n\t<\/div>\n\n<\/div><\/div><\/div><\/div><\/div><div id=\"pg-209-1\"  class=\"panel-grid panel-has-style\" ><div class=\"siteorigin-panels-stretch panel-row-style panel-row-style-for-209-1\" data-stretch-type=\"full\" ><div id=\"pgc-209-1-0\"  class=\"panel-grid-cell\" ><div id=\"panel-209-1-0-0\" class=\"so-panel widget widget_sow-editor panel-first-child panel-last-child\" data-index=\"2\" ><div\n\t\t\t\n\t\t\tclass=\"so-widget-sow-editor so-widget-sow-editor-base\"\n\t\t\t\n\t\t><h3 class=\"widget-title\">Musicians<\/h3>\n<div class=\"siteorigin-widget-tinymce textwidget\">\n\t<p><strong><span class=\"teaser\">Violin:<\/span><\/strong> Ulli Engel (concertmaster), Elisabeth Wiesbauer (leader 2.violin), Ursula Wykypiel, Peter Schoberwalter, Maud Fheodoroff, Em\u00f6ke Sz\u00e9p, Katja Gr\u00fcttner, Gerlinde Sonnleitner, Fani Vovoni, Katharina Radlberger, Barbara Erdner, M\u00f3nika T\u00f3th<\/p>\n<p><strong><span class=\"teaser\">Viola:<\/span><\/strong> Johanna Gamerith, Lucas Schurig-Breu\u00df<\/p>\n<p><strong><span class=\"teaser\">Violoncello:<\/span><\/strong> J\u00f6rg Zwicker, Peter Trefflinger, Kaspar Singer<\/p>\n<p><strong><span class=\"teaser\">Violone \/ Double bass:<\/span><\/strong> Walter Bachk\u00f6nig, Herwig Neugebauer<\/p>\n<p><span class=\"teaser\"><strong>Harpsichord \/ Organ:<\/strong> <\/span>Susanne Pumh\u00f6sl, Anne Marie Dragosits<\/p>\n<p><strong><span class=\"teaser\">Theorbe, Lute:<\/span><\/strong> Hubert Hoffmann, Ugo Nastrucci, Hans Br\u00fcderl<\/p>\n<p><strong><span class=\"teaser\">Recorder:<\/span><\/strong> Helga Haditsch, Yvonne Weichsel<\/p>\n<p><strong><span class=\"teaser\">Flute:<\/span><\/strong> Sandra Koppensteiner, Vera Fischer<\/p>\n<p><strong><span class=\"teaser\">Oboe, Oboe d\u00b4amore, Oboe da caccia:<\/span><\/strong> Andreas Helm, Elisabeth Baumer<\/p>\n<p><strong><span class=\"teaser\">Bassoon:<\/span><\/strong> Petra Braun<\/p>\n<p><strong><span class=\"teaser\">Trumpet:<\/span><\/strong> Laszl\u00f3 Bors\u00f3dy, Kurt K\u00f6rner, Thomas Leitner<\/p>\n<p><strong><span class=\"teaser\">Timpani:<\/span><\/strong> Dieter Seiler<\/p>\n<\/div>\n<\/div><\/div><\/div><div id=\"pgc-209-1-1\"  class=\"panel-grid-cell\" ><div id=\"panel-209-1-1-0\" class=\"so-panel widget widget_sow-image panel-first-child panel-last-child\" data-index=\"3\" ><div\n\t\t\t\n\t\t\tclass=\"so-widget-sow-image so-widget-sow-image-default-8b5b6f678277-209\"\n\t\t\t\n\t\t>\n\n<div class=\"sow-image-container\">\n\t\t<img loading=\"lazy\" decoding=\"async\" src=\"https:\/\/www.capellaleopoldina.at\/wp-content\/uploads\/2021\/12\/presse04_gr.jpg\" width=\"1772\" height=\"1179\" srcset=\"https:\/\/www.capellaleopoldina.at\/wp-content\/uploads\/2021\/12\/presse04_gr.jpg 1772w, https:\/\/www.capellaleopoldina.at\/wp-content\/uploads\/2021\/12\/presse04_gr-300x200.jpg 300w, https:\/\/www.capellaleopoldina.at\/wp-content\/uploads\/2021\/12\/presse04_gr-1024x681.jpg 1024w, https:\/\/www.capellaleopoldina.at\/wp-content\/uploads\/2021\/12\/presse04_gr-768x511.jpg 768w, https:\/\/www.capellaleopoldina.at\/wp-content\/uploads\/2021\/12\/presse04_gr-1536x1022.jpg 1536w, https:\/\/www.capellaleopoldina.at\/wp-content\/uploads\/2021\/12\/presse04_gr-720x480.jpg 720w, https:\/\/www.capellaleopoldina.at\/wp-content\/uploads\/2021\/12\/presse04_gr-272x182.jpg 272w\" sizes=\"auto, (max-width: 1772px) 100vw, 1772px\" title=\"&lt;center&gt;Capella Leopoldina &lt;br&gt;\u00a9 Stefan Schweiger &lt;br&gt;Download: rgb\/jpg 2 MB&lt;\/center&gt;  \" alt=\"\" \t\tclass=\"so-widget-image\"\/>\n\t<\/div>\n\n<\/div><\/div><\/div><\/div><\/div><\/div>","protected":false},"excerpt":{"rendered":"<p>Capella Leopoldina was founded in 1992 by J\u00f6rg Zwicker. Following the musical tradition at the [&hellip;]<\/p>\n","protected":false},"author":1,"featured_media":0,"parent":0,"menu_order":105,"comment_status":"closed","ping_status":"closed","template":"","meta":{"footnotes":""},"class_list":["post-209","page","type-page","status-publish","hentry","post"],"_links":{"self":[{"href":"https:\/\/www.capellaleopoldina.at\/index.php\/wp-json\/wp\/v2\/pages\/209","targetHints":{"allow":["GET"]}}],"collection":[{"href":"https:\/\/www.capellaleopoldina.at\/index.php\/wp-json\/wp\/v2\/pages"}],"about":[{"href":"https:\/\/www.capellaleopoldina.at\/index.php\/wp-json\/wp\/v2\/types\/page"}],"author":[{"embeddable":true,"href":"https:\/\/www.capellaleopoldina.at\/index.php\/wp-json\/wp\/v2\/users\/1"}],"replies":[{"embeddable":true,"href":"https:\/\/www.capellaleopoldina.at\/index.php\/wp-json\/wp\/v2\/comments?post=209"}],"version-history":[{"count":12,"href":"https:\/\/www.capellaleopoldina.at\/index.php\/wp-json\/wp\/v2\/pages\/209\/revisions"}],"predecessor-version":[{"id":428,"href":"https:\/\/www.capellaleopoldina.at\/index.php\/wp-json\/wp\/v2\/pages\/209\/revisions\/428"}],"wp:attachment":[{"href":"https:\/\/www.capellaleopoldina.at\/index.php\/wp-json\/wp\/v2\/media?parent=209"}],"curies":[{"name":"wp","href":"https:\/\/api.w.org\/{rel}","templated":true}]}}