{"id":17,"date":"2021-12-13T10:00:32","date_gmt":"2021-12-13T10:00:32","guid":{"rendered":"http:\/\/www.capellaleopoldina.at\/?page_id=17"},"modified":"2023-07-24T16:06:38","modified_gmt":"2023-07-24T16:06:38","slug":"capella-leoplodina","status":"publish","type":"page","link":"https:\/\/www.capellaleopoldina.at\/index.php\/capella-leoplodina\/","title":{"rendered":"Capella Leopoldina"},"content":{"rendered":"<div id=\"pl-17\"  class=\"panel-layout\" ><div id=\"pg-17-0\"  class=\"panel-grid panel-has-style\" ><div class=\"siteorigin-panels-stretch panel-row-style panel-row-style-for-17-0\" data-stretch-type=\"full\" ><div id=\"pgc-17-0-0\"  class=\"panel-grid-cell\" ><div id=\"panel-17-0-0-0\" class=\"so-panel widget widget_sow-editor panel-first-child panel-last-child\" data-index=\"0\" ><div class=\"panel-widget-style panel-widget-style-for-17-0-0-0\" ><div\n\t\t\t\n\t\t\tclass=\"so-widget-sow-editor so-widget-sow-editor-base\"\n\t\t\t\n\t\t><h3 class=\"widget-title\">Capella Leopoldina<\/h3>\n<div class=\"siteorigin-widget-tinymce textwidget\">\n\t<p style=\"font-weight: 400;\">Die <strong>Capella Leopoldina<\/strong> wurde 1992 von <a href=\"http:\/\/joerg-zwicker.com\"><strong>J\u00f6rg Zwicker<\/strong><\/a> gegr\u00fcndet. Entsprechend der Musiktradition am Wiener Hof unter Leopold I. vereint CAPELLA LEOPOLDINA zahlreiche Musiker aus \u00d6sterreich und bedeutenden europ\u00e4ischen Musikmetropolen.<\/p>\n<p>Im Zentrum der Arbeit steht die Oratorien- und Orchesterliteratur des 17. und 18. Jahrhunderts, doch stehen auch kammermusikalisch besetzte Werke auf dem Programm. Im J\u00e4nner 2000 \u00fcbernahm\u00a0Capella Leopoldina den Instrumentalpart des Projektes <strong>BACH XXI<\/strong>. In Zusammenarbeit mit der Grazer Dommusik wurden unter Domkapellmeister Josef M. Doeller s\u00e4mtliche rund 200 geistliche Kantaten Johann Sebastian Bachs zur Auff\u00fchrung gebracht. Dieser Konzertzyklus lief \u00fcber 20 Jahre und stellt somit <strong>eines der gr\u00f6\u00dften Projekte der \u00f6sterreichischen Musikgeschichte<\/strong> dar.<\/p>\n<p style=\"font-weight: 400;\">Capella Leopoldina trat auf den <strong>bedeutendsten Festivals und Konzertb\u00fchnen<\/strong> auf. Konzertanter H\u00f6hepunkt 2003 war die <strong>Welt-Erst\u00adauff\u00fchrung<\/strong> der in den Best\u00e4nden des \u201eAlt-Bachschen Archivs\u201c in Kyiv\/Ukraine wieder entdeckten <strong>ersten Oper G. Ph. Telemanns \u201ePastorelle en musique\u201c<\/strong> im Rahmen der Festspiele Gmunden, was dem Ensemble hervorragendes Echo und internationale Beachtung brachte.<br \/>\n2004 nahm Capella Leopoldina eine CD mit Sinfonien und Arien aus H\u00e4ndels Oratorien (Universal\/Amadeo) auf. Diese CD wurde neben N. Harnoncourt, A. Netrebko, S. Rattle und T. Quasthoff f\u00fcr den \"<strong>Klassik Amadeus Award 2005<\/strong>\" als \u201e<strong>beste Einspielung des Jahres<\/strong>\u201c nominiert. Im selben Jahr deb\u00fctierte das Ensem\u00adble mit der Telemann-Oper \u201ePastorelle\u201c im Goldenen Saal des Wiener Musikvereins. Ein Live-Mitschnitt ist bei Capriccio als Doppel-CD erschienen.<\/p>\n<p style=\"font-weight: 400;\">2006 begann Capella Leopoldina gemeinsam mit der Jazzformation AMEN (Karen Asatrian, Bernie Mallinger &amp; Band) eine Konzertserie mit dem cross-over- Improvisationsprojekt \u201e<strong>FUSION \u2013 Baroque meets Jazz<\/strong>\u201c. Neben sehr erfolgreichen Konzerten wurde auch die daraus entstandene CD, die innerhalb weniger Wochen vergriffen war, von der internationalen Fachpresse hochgelobt.<\/p>\n<p style=\"font-weight: 400;\">Neben der \u201eBach-Arbeit\u201c am Grazer Dom vertiefte sich die <strong>Zusammenarbeit mit dem Wiener Singverein<\/strong> unter Johannes Prinz im <strong>Zyklus \u201eInternationale Kammerorchester\u201c des Wiener Musikvereins<\/strong> (H\u00e4ndel: \u201eMessias\u201c, \u201eJephtha\u201c, \u201eIsrael in Egypt\u201c, \u201eDettinger Te Deum\u201c; Bach: Magnificat, Haydn: \u201eSch\u00f6pfung\u201c u.a.).<\/p>\n<p style=\"font-weight: 400;\">Das Ensemble musiziert ausschlie\u00dflich auf historischem Instrumentarium oder auf originalgetreuen Kopien unter Verwendung dem heutigen Wissensstand entsprechender historischer Spieltechniken.<\/p>\n<\/div>\n<\/div><\/div><\/div><\/div><div id=\"pgc-17-0-1\"  class=\"panel-grid-cell\" ><div id=\"panel-17-0-1-0\" class=\"so-panel widget widget_sow-image panel-first-child panel-last-child\" data-index=\"1\" ><div\n\t\t\t\n\t\t\tclass=\"so-widget-sow-image so-widget-sow-image-default-8b5b6f678277-17\"\n\t\t\t\n\t\t>\n\n<div class=\"sow-image-container\">\n\t\t<img loading=\"lazy\" decoding=\"async\" src=\"https:\/\/www.capellaleopoldina.at\/wp-content\/uploads\/2021\/12\/presse02_gr.jpg\" width=\"1772\" height=\"1179\" srcset=\"https:\/\/www.capellaleopoldina.at\/wp-content\/uploads\/2021\/12\/presse02_gr.jpg 1772w, https:\/\/www.capellaleopoldina.at\/wp-content\/uploads\/2021\/12\/presse02_gr-300x200.jpg 300w, https:\/\/www.capellaleopoldina.at\/wp-content\/uploads\/2021\/12\/presse02_gr-1024x681.jpg 1024w, https:\/\/www.capellaleopoldina.at\/wp-content\/uploads\/2021\/12\/presse02_gr-768x511.jpg 768w, https:\/\/www.capellaleopoldina.at\/wp-content\/uploads\/2021\/12\/presse02_gr-1536x1022.jpg 1536w, https:\/\/www.capellaleopoldina.at\/wp-content\/uploads\/2021\/12\/presse02_gr-720x480.jpg 720w, https:\/\/www.capellaleopoldina.at\/wp-content\/uploads\/2021\/12\/presse02_gr-272x182.jpg 272w\" sizes=\"auto, (max-width: 1772px) 100vw, 1772px\" title=\"&lt;center&gt;Capella Leopoldina &lt;br&gt;\u00a9 Stefan Schweiger &lt;br&gt;Download: rgb\/jpg 2 MB&lt;\/center&gt; \" alt=\"\" \t\tclass=\"so-widget-image\"\/>\n\t<\/div>\n\n<\/div><\/div><\/div><\/div><\/div><div id=\"pg-17-1\"  class=\"panel-grid panel-has-style\" ><div class=\"siteorigin-panels-stretch panel-row-style panel-row-style-for-17-1\" data-stretch-type=\"full\" ><div id=\"pgc-17-1-0\"  class=\"panel-grid-cell\" ><div id=\"panel-17-1-0-0\" class=\"so-panel widget widget_sow-editor panel-first-child panel-last-child\" data-index=\"2\" ><div\n\t\t\t\n\t\t\tclass=\"so-widget-sow-editor so-widget-sow-editor-base\"\n\t\t\t\n\t\t><h3 class=\"widget-title\">Wer wir sind<\/h3>\n<div class=\"siteorigin-widget-tinymce textwidget\">\n\t<p>Das Barockorchester *Capella Leopoldina* ist ein Kollektiv von Musiker*innen aus vielen Teilen Europas (\u00d6sterreich, Deutschland, Schweiz, Spanien, Ungarn, Italien, Holland, u.a.). Unsere Programme und Besetzungen sind sorgf\u00e4ltig gew\u00e4hlt und aufeinander abgestimmt. Die Stammbesetzung des Ensembles ist seit vielen Jahren unver\u00e4ndert. Dadurch konnte kontinuierlich ein homogenes und charakteristisches Klangprofil entwickelt werden, welches in einer warmen, runden und elastischen Klang\u00e4sthetik angesiedelt ist.<\/p>\n<h2><span class=\"orangefett\">Was uns von anderen unterscheidet <\/span><\/h2>\n<p>Capella Leopoldina verkauft sich nicht als Spezialistenensemble s\u00e4mtlicher Epochen und Stile, von der Renaissance-Canzona a due bis hin zur romantischen Sinfonie. Auch klassische Werke werden sie kaum in unserem Repertoire finden. Durch unser Spiel auf ausgew\u00e4hltem Instrumentarium, die auf historischen Informationen basierende und stetig verfeinerte Spieltechnik sowie die bewusste Zusammensetzung der Musiker*innen haben wir ein klares musikalisches Profil \u2013 fokusiert auf Musik von Monteverdi bis H\u00e4ndel \u2013 entwickelt. Unsere Schwerpunkte sind das barocke Oratorium sowie Orchester- und Kammermusikliteratur des 17. und 18. Jahrhunderts.<\/p>\n<h2><span class=\"orangefett\">Was wir bieten <\/span><\/h2>\n<p>Durch die konsequente und kontinuierliche Arbeit in einer seit rund zwei Jahrzehnten nahezu unver\u00e4nderten Besetzung bieten wir h\u00f6chste Qualit\u00e4t, musikalischen Esprit und Musizierfreude sowie klangliche Homogenit\u00e4t zu einem fairen Preis!<\/p>\n<\/div>\n<\/div><\/div><\/div><div id=\"pgc-17-1-1\"  class=\"panel-grid-cell\" ><div id=\"panel-17-1-1-0\" class=\"so-panel widget widget_sow-editor panel-first-child panel-last-child\" data-index=\"3\" ><div\n\t\t\t\n\t\t\tclass=\"so-widget-sow-editor so-widget-sow-editor-base\"\n\t\t\t\n\t\t><h3 class=\"widget-title\">Musiker*innen<\/h3>\n<div class=\"siteorigin-widget-tinymce textwidget\">\n\t<p><strong>Barockgeige:<\/strong> Ulli Engel (Konzertmeisterin), Elisabeth Wiesbauer (Stimmf\u00fchrerin), M\u00f3nika T\u00f3th, Fani Vovoni, Gerlinde Sonnleitner, Lena Ruisz, Christiane Bruckmann-Hiller, Nina Pohn<\/p>\n<p><strong>Barockbratsche:<\/strong> Lucas Schurig-Breu\u00df, Ivan Becka<\/p>\n<p><strong>Barockcello:<\/strong> J\u00f6rg Zwicker, Olga Zhukova<\/p>\n<p><strong>Violone:<\/strong> Barbara Fischer, Walter Bachk\u00f6nig, Jonas Carlsson, Herwig Neugebauer<\/p>\n<p><strong>Cembalo, Orgelpositiv:<\/strong> Sonja Leipold<\/p>\n<p><strong>Theorbe, Laute:<\/strong>\u00a0Hans Br\u00fcderl<\/p>\n<p><strong>Traversfl\u00f6te:<\/strong> Annemarie Podesser, Sandra Koppensteiner<\/p>\n<p><strong>Barockoboe, Oboe d\u2019amore, Oboe da caccia:<\/strong> Andreas Helm, Elisabeth Baumer, Ana Ines Feola, Agnes Glassner<\/p>\n<p><strong>Barockfagott, Dulzian:<\/strong> Petra Braun, Christine Gnigler<\/p>\n<p><strong>Naturtrompete:<\/strong> Sigi Koch, Kurt K\u00f6rner, Franz Landlinger<\/p>\n<p><strong>Pauke:<\/strong> Dieter Seiler<\/p>\n<\/div>\n<\/div><\/div><\/div><\/div><\/div><\/div>","protected":false},"excerpt":{"rendered":"<p>Die Capella Leopoldina wurde 1992 von J\u00f6rg Zwicker gegr\u00fcndet. Entsprechend der Musiktradition am Wiener Hof [&hellip;]<\/p>\n","protected":false},"author":1,"featured_media":0,"parent":0,"menu_order":5,"comment_status":"closed","ping_status":"closed","template":"","meta":{"footnotes":""},"class_list":["post-17","page","type-page","status-publish","hentry","post"],"_links":{"self":[{"href":"https:\/\/www.capellaleopoldina.at\/index.php\/wp-json\/wp\/v2\/pages\/17","targetHints":{"allow":["GET"]}}],"collection":[{"href":"https:\/\/www.capellaleopoldina.at\/index.php\/wp-json\/wp\/v2\/pages"}],"about":[{"href":"https:\/\/www.capellaleopoldina.at\/index.php\/wp-json\/wp\/v2\/types\/page"}],"author":[{"embeddable":true,"href":"https:\/\/www.capellaleopoldina.at\/index.php\/wp-json\/wp\/v2\/users\/1"}],"replies":[{"embeddable":true,"href":"https:\/\/www.capellaleopoldina.at\/index.php\/wp-json\/wp\/v2\/comments?post=17"}],"version-history":[{"count":60,"href":"https:\/\/www.capellaleopoldina.at\/index.php\/wp-json\/wp\/v2\/pages\/17\/revisions"}],"predecessor-version":[{"id":584,"href":"https:\/\/www.capellaleopoldina.at\/index.php\/wp-json\/wp\/v2\/pages\/17\/revisions\/584"}],"wp:attachment":[{"href":"https:\/\/www.capellaleopoldina.at\/index.php\/wp-json\/wp\/v2\/media?parent=17"}],"curies":[{"name":"wp","href":"https:\/\/api.w.org\/{rel}","templated":true}]}}